{"id":44,"date":"2025-10-16T19:15:01","date_gmt":"2025-10-16T19:15:01","guid":{"rendered":"https:\/\/caba.ro\/event\/"},"modified":"2026-03-20T18:29:20","modified_gmt":"2026-03-20T16:29:20","slug":"evenimente","status":"publish","type":"page","link":"https:\/\/caba.ro\/en\/evenimente\/","title":{"rendered":"event"},"content":{"rendered":"<style>.elementor-44 .elementor-element.elementor-element-7c21e88b{--display:flex;--min-height:500px;--flex-direction:column;--container-widget-width:100%;--container-widget-height:initial;--container-widget-flex-grow:0;--container-widget-align-self:initial;--flex-wrap-mobile:wrap;--justify-content:center;--overlay-opacity:0.9;--padding-top:195px;--padding-bottom:100px;--padding-left:10px;--padding-right:10px;}.elementor-44 .elementor-element.elementor-element-7c21e88b:not(.elementor-motion-effects-element-type-background), .elementor-44 .elementor-element.elementor-element-7c21e88b > .elementor-motion-effects-container > .elementor-motion-effects-layer{background-image:url(\"https:\/\/caba.ro\/wp-content\/uploads\/2025\/10\/5463.webp\");background-position:top center;background-repeat:no-repeat;background-size:cover;}.elementor-44 .elementor-element.elementor-element-7c21e88b::before, .elementor-44 .elementor-element.elementor-element-7c21e88b > .elementor-background-video-container::before, .elementor-44 .elementor-element.elementor-element-7c21e88b > .e-con-inner > .elementor-background-video-container::before, .elementor-44 .elementor-element.elementor-element-7c21e88b > .elementor-background-slideshow::before, .elementor-44 .elementor-element.elementor-element-7c21e88b > .e-con-inner > .elementor-background-slideshow::before, .elementor-44 .elementor-element.elementor-element-7c21e88b > .elementor-motion-effects-container > .elementor-motion-effects-layer::before{background-color:transparent;--background-overlay:'';background-image:linear-gradient(90deg, var( --e-global-color-2c70cef ) 0%, #F2295B00 100%);}.elementor-44 .elementor-element.elementor-element-483012c3{--display:flex;}.elementor-widget-heading .elementor-heading-title{color:var( --e-global-color-primary );}.elementor-44 .elementor-element.elementor-element-25b35569.xpro-widget-bg-overlay:before{transition:background 0.3s;}.elementor-44 .elementor-element.elementor-element-25b35569 .elementor-heading-title{color:#FFFFFF;}.elementor-44 .elementor-element.elementor-element-648ef53{--display:flex;--flex-direction:column;--container-widget-width:100%;--container-widget-height:initial;--container-widget-flex-grow:0;--container-widget-align-self:initial;--flex-wrap-mobile:wrap;}.elementor-44 .elementor-element.elementor-element-5736610.xpro-widget-bg-overlay:before{transition:background 0.3s;}.elementor-44 .elementor-element.elementor-element-8fa1fe9{--display:flex;--flex-direction:row;--container-widget-width:initial;--container-widget-height:100%;--container-widget-flex-grow:1;--container-widget-align-self:stretch;--flex-wrap-mobile:wrap;--padding-top:0px;--padding-bottom:0px;--padding-left:20px;--padding-right:20px;}.elementor-44 .elementor-element.elementor-element-4e0fe88{--display:flex;--flex-direction:row;--container-widget-width:calc( ( 1 - var( --container-widget-flex-grow ) ) * 100% );--container-widget-height:100%;--container-widget-flex-grow:1;--container-widget-align-self:stretch;--flex-wrap-mobile:wrap;--align-items:center;--gap:0px 0px;--row-gap:0px;--column-gap:0px;--overflow:hidden;--padding-top:0px;--padding-bottom:0px;--padding-left:0px;--padding-right:0px;}.elementor-44 .elementor-element.elementor-element-4e0fe88:not(.elementor-motion-effects-element-type-background), .elementor-44 .elementor-element.elementor-element-4e0fe88 > .elementor-motion-effects-container > .elementor-motion-effects-layer{background-color:transparent;background-image:linear-gradient(180deg, var( --e-global-color-accent ) 0%, #FFD8C0 100%);}.elementor-44 .elementor-element.elementor-element-07d9b58{--display:flex;--padding-top:20px;--padding-bottom:0px;--padding-left:0px;--padding-right:0px;}.elementor-widget-image .widget-image-caption{color:var( --e-global-color-text );}.elementor-44 .elementor-element.elementor-element-41bca41{margin:0px 0px calc(var(--kit-widget-spacing, 0px) + 0px) 0px;padding:0px 0px 0px 0px;text-align:center;}.elementor-44 .elementor-element.elementor-element-41bca41.xpro-widget-bg-overlay:before{transition:background 0.3s;}.elementor-44 .elementor-element.elementor-element-41bca41 img{width:221px;}.elementor-44 .elementor-element.elementor-element-d179172{--display:flex;--justify-content:center;--padding-top:20px;--padding-bottom:20px;--padding-left:10px;--padding-right:10px;}.elementor-44 .elementor-element.elementor-element-68c5bbf.xpro-widget-bg-overlay:before{transition:background 0.3s;}.elementor-44 .elementor-element.elementor-element-68c5bbf{text-align:center;}.elementor-44 .elementor-element.elementor-element-68c5bbf .elementor-heading-title{color:#FFFFFF;}.elementor-widget-text-editor{color:var( --e-global-color-text );}.elementor-widget-text-editor.elementor-drop-cap-view-stacked .elementor-drop-cap{background-color:var( --e-global-color-primary );}.elementor-widget-text-editor.elementor-drop-cap-view-framed .elementor-drop-cap, .elementor-widget-text-editor.elementor-drop-cap-view-default .elementor-drop-cap{color:var( --e-global-color-primary );border-color:var( --e-global-color-primary );}.elementor-44 .elementor-element.elementor-element-c1ec64f{width:var( --container-widget-width, 350px );max-width:350px;--container-widget-width:350px;--container-widget-flex-grow:0;text-align:center;font-size:18px;color:#FFFFFF;}.elementor-44 .elementor-element.elementor-element-c1ec64f.elementor-element{--align-self:center;}.elementor-44 .elementor-element.elementor-element-c1ec64f.xpro-widget-bg-overlay:before{transition:background 0.3s;}.elementor-widget-button .elementor-button{background-color:var( --e-global-color-accent );}.elementor-44 .elementor-element.elementor-element-8e8f7a4.xpro-widget-bg-overlay:before{transition:background 0.3s;}.elementor-44 .elementor-element.elementor-element-47cf781.xpro-widget-bg-overlay:before{transition:background 0.3s;}@media(max-width:1200px){.elementor-44 .elementor-element.elementor-element-7c21e88b{--min-height:300px;}}@media(max-width:880px){.elementor-44 .elementor-element.elementor-element-7c21e88b{--padding-top:130px;--padding-bottom:60px;--padding-left:10px;--padding-right:10px;}}@media(max-width:767px){.elementor-44 .elementor-element.elementor-element-07d9b58.e-con{--order:99999 \/* order end hack *\/;}.elementor-44 .elementor-element.elementor-element-41bca41.elementor-element{--order:99999 \/* order end hack *\/;}.elementor-44 .elementor-element.elementor-element-d179172{--padding-top:40px;--padding-bottom:10px;--padding-left:10px;--padding-right:10px;}}@media(min-width:768px){.elementor-44 .elementor-element.elementor-element-8fa1fe9{--content-width:1180px;}}<\/style>\t\t<div data-elementor-type=\"wp-page\" data-elementor-id=\"44\" class=\"elementor elementor-44\" data-elementor-post-type=\"page\">\n\t\t\t\t<div class=\"elementor-element elementor-element-7c21e88b e-flex e-con-boxed e-con e-parent\" data-id=\"7c21e88b\" data-element_type=\"container\" data-settings=\"{&quot;background_background&quot;:&quot;classic&quot;}\">\n\t\t\t\t\t<div class=\"e-con-inner\">\n\t\t<div class=\"elementor-element elementor-element-483012c3 e-con-full e-flex e-con e-child\" data-id=\"483012c3\" data-element_type=\"container\">\n\t\t\t\t<div class=\"elementor-element elementor-element-25b35569 elementor-invisible elementor-widget elementor-widget-heading\" data-id=\"25b35569\" data-element_type=\"widget\" data-settings=\"{&quot;_animation&quot;:&quot;fadeInUp&quot;,&quot;_animation_delay&quot;:400}\" data-widget_type=\"heading.default\">\n\t\t\t\t\t<h1 class=\"elementor-heading-title elementor-size-default\">event<\/h1>\t\t\t\t<\/div>\n\t\t\t\t<\/div>\n\t\t\t\t\t<\/div>\n\t\t\t\t<\/div>\n\t\t<div class=\"elementor-element elementor-element-648ef53 e-flex e-con-boxed e-con e-parent\" data-id=\"648ef53\" data-element_type=\"container\">\n\t\t\t\t\t<div class=\"e-con-inner\">\n\t\t\t\t<div class=\"elementor-element elementor-element-5736610 elementor-widget elementor-widget-html\" data-id=\"5736610\" data-element_type=\"widget\" data-widget_type=\"html.default\">\n\t\t\t\t\t<iframe src=\"https:\/\/calendar.google.com\/calendar\/embed?src=c45a52a9c79b9d3d09b2fd64d630524058af03c10791ec00fac76def84c34852%40group.calendar.google.com&ctz=Europe%2FBucharest\" style=\"border: 0\" width=\"800\" height=\"600\" frameborder=\"0\" scrolling=\"no\"><\/iframe>\t\t\t\t<\/div>\n\t\t\t\t\t<\/div>\n\t\t\t\t<\/div>\n\t\t<div class=\"elementor-element elementor-element-8fa1fe9 e-flex e-con-boxed e-con e-parent\" data-id=\"8fa1fe9\" data-element_type=\"container\">\n\t\t\t\t\t<div class=\"e-con-inner\">\n\t\t<div class=\"elementor-element elementor-element-4e0fe88 e-con-full e-flex e-con e-child\" data-id=\"4e0fe88\" data-element_type=\"container\" data-settings=\"{&quot;background_background&quot;:&quot;gradient&quot;}\">\n\t\t<div class=\"elementor-element elementor-element-07d9b58 e-con-full e-flex e-con e-child\" data-id=\"07d9b58\" data-element_type=\"container\">\n\t\t\t\t<div class=\"elementor-element elementor-element-41bca41 elementor-invisible elementor-widget elementor-widget-image\" data-id=\"41bca41\" data-element_type=\"widget\" data-settings=\"{&quot;_animation&quot;:&quot;fadeInUp&quot;}\" data-widget_type=\"image.default\">\n\t\t\t\t\t\t\t\t\t\t\t\t\t\t\t<img fetchpriority=\"high\" decoding=\"async\" width=\"500\" height=\"500\" src=\"https:\/\/caba.ro\/wp-content\/uploads\/2025\/11\/28352711_v872batch10-nunny-05a-removebg-preview.png\" class=\"attachment-full size-full wp-image-388\" alt=\"\" srcset=\"https:\/\/caba.ro\/wp-content\/uploads\/2025\/11\/28352711_v872batch10-nunny-05a-removebg-preview.png 500w, https:\/\/caba.ro\/wp-content\/uploads\/2025\/11\/28352711_v872batch10-nunny-05a-removebg-preview-300x300.png 300w, https:\/\/caba.ro\/wp-content\/uploads\/2025\/11\/28352711_v872batch10-nunny-05a-removebg-preview-150x150.png 150w, https:\/\/caba.ro\/wp-content\/uploads\/2025\/11\/28352711_v872batch10-nunny-05a-removebg-preview-100x100.png 100w\" sizes=\"(max-width: 500px) 100vw, 500px\" \/>\t\t\t\t\t\t\t\t\t\t\t\t\t\t\t<\/div>\n\t\t\t\t<\/div>\n\t\t<div class=\"elementor-element elementor-element-d179172 e-con-full e-flex e-con e-child\" data-id=\"d179172\" data-element_type=\"container\">\n\t\t\t\t<div class=\"elementor-element elementor-element-68c5bbf elementor-invisible elementor-widget elementor-widget-heading\" data-id=\"68c5bbf\" data-element_type=\"widget\" data-settings=\"{&quot;_animation&quot;:&quot;fadeInUp&quot;,&quot;_animation_delay&quot;:200}\" data-widget_type=\"heading.default\">\n\t\t\t\t\t<h2 class=\"elementor-heading-title elementor-size-default\">Support the work<\/h2>\t\t\t\t<\/div>\n\t\t\t\t<div class=\"elementor-element elementor-element-c1ec64f elementor-widget__width-initial elementor-invisible elementor-widget elementor-widget-text-editor\" data-id=\"c1ec64f\" data-element_type=\"widget\" data-settings=\"{&quot;_animation&quot;:&quot;fadeInUp&quot;,&quot;_animation_delay&quot;:400}\" data-widget_type=\"text-editor.default\">\n\t\t\t\t\t\t\t\t\t<p data-start=\"528\" data-end=\"606\">You can contribute to the spread of the Word of God through donations and financial support:<\/p>\t\t\t\t\t\t\t\t<\/div>\n\t\t\t\t<div class=\"elementor-element elementor-element-8e8f7a4 elementor-align-center elementor-widget elementor-widget-button\" data-id=\"8e8f7a4\" data-element_type=\"widget\" data-widget_type=\"button.default\">\n\t\t\t\t\t\t\t\t\t\t<a class=\"elementor-button elementor-button-link elementor-size-sm\" href=\"https:\/\/caba.ro\/en\/donatii-online\/\" target=\"_blank\">\n\t\t\t\t\t\t<span class=\"elementor-button-content-wrapper\">\n\t\t\t\t\t\t\t\t\t<span class=\"elementor-button-text\">Dona\u021bii online<\/span>\n\t\t\t\t\t<\/span>\n\t\t\t\t\t<\/a>\n\t\t\t\t\t\t\t\t<\/div>\n\t\t\t\t<div class=\"elementor-element elementor-element-47cf781 elementor-align-center elementor-widget elementor-widget-button\" data-id=\"47cf781\" data-element_type=\"widget\" data-widget_type=\"button.default\">\n\t\t\t\t\t\t\t\t\t\t<a class=\"elementor-button elementor-button-link elementor-size-sm\" href=\"#elementor-action%3Aaction%3Dpopup%3Aopen%26settings%3DeyJpZCI6IjM4OSIsInRvZ2dsZSI6ZmFsc2V9\" target=\"_blank\">\n\t\t\t\t\t\t<span class=\"elementor-button-content-wrapper\">\n\t\t\t\t\t\t\t\t\t<span class=\"elementor-button-text\">prayer requests<\/span>\n\t\t\t\t\t<\/span>\n\t\t\t\t\t<\/a>\n\t\t\t\t\t\t\t\t<\/div>\n\t\t\t\t<\/div>\n\t\t\t\t<\/div>\n\t\t\t\t\t<\/div>\n\t\t\t\t<\/div>\n\t\t\t\t<\/div>\n\t\t\n    <div class=\"xs_social_share_widget xs_share_url after_content \t\tmain_content  wslu-style-1 wslu-share-box-shaped wslu-fill-colored wslu-none wslu-share-horizontal wslu-theme-font-no wslu-main_content\">\n\n\t\t\n        <ul>\n\t\t\t        <\/ul>\n    <\/div>","protected":false},"excerpt":{"rendered":"<p>Evenimente Sus\u021bine lucrarea Po\u021bi contribui la r\u0103sp\u00e2ndirea Cuv\u00e2ntului lui Dumnezeu prin dona\u021bii \u0219i sprijin financiar: Dona\u021bii online cereri de rug\u0103ciune<\/p>","protected":false},"author":1,"featured_media":0,"parent":0,"menu_order":0,"comment_status":"closed","ping_status":"closed","template":"elementor_header_footer","meta":{"postBodyCss":"","postBodyMargin":[],"postBodyPadding":[],"postBodyBackground":{"backgroundType":"classic","gradient":""},"footnotes":""},"class_list":["post-44","page","type-page","status-publish","hentry"],"yoast_head":"<!-- This site is optimized with the Yoast SEO plugin v26.4 - https:\/\/yoast.com\/wordpress\/plugins\/seo\/ -->\n<title>Evenimente - Caba Ministry<\/title>\n<meta name=\"robots\" content=\"index, follow, max-snippet:-1, max-image-preview:large, max-video-preview:-1\" \/>\n<link rel=\"canonical\" href=\"https:\/\/caba.ro\/en\/evenimente\/\" \/>\n<meta property=\"og:locale\" content=\"en_US\" \/>\n<meta property=\"og:type\" content=\"article\" \/>\n<meta property=\"og:title\" content=\"Evenimente - Caba Ministry\" \/>\n<meta property=\"og:description\" content=\"Evenimente Sus\u021bine lucrarea Po\u021bi contribui la r\u0103sp\u00e2ndirea Cuv\u00e2ntului lui Dumnezeu prin dona\u021bii \u0219i sprijin financiar: Dona\u021bii online cereri de rug\u0103ciune\" \/>\n<meta property=\"og:url\" content=\"https:\/\/caba.ro\/en\/evenimente\/\" \/>\n<meta property=\"og:site_name\" content=\"Caba Ministry\" \/>\n<meta property=\"article:modified_time\" content=\"2026-03-20T16:29:20+00:00\" \/>\n<meta property=\"og:image\" content=\"https:\/\/caba.ro\/wp-content\/uploads\/2025\/11\/28352711_v872batch10-nunny-05a-removebg-preview.png\" \/>\n\t<meta property=\"og:image:width\" content=\"500\" \/>\n\t<meta property=\"og:image:height\" content=\"500\" \/>\n\t<meta property=\"og:image:type\" content=\"image\/png\" \/>\n<meta name=\"twitter:card\" content=\"summary_large_image\" \/>\n<meta name=\"twitter:label1\" content=\"Est. reading time\" \/>\n\t<meta name=\"twitter:data1\" content=\"1 minute\" \/>\n<script type=\"application\/ld+json\" class=\"yoast-schema-graph\">{\"@context\":\"https:\/\/schema.org\",\"@graph\":[{\"@type\":\"WebPage\",\"@id\":\"https:\/\/caba.ro\/evenimente\/\",\"url\":\"https:\/\/caba.ro\/evenimente\/\",\"name\":\"Evenimente - Caba Ministry\",\"isPartOf\":{\"@id\":\"https:\/\/caba.ro\/#website\"},\"primaryImageOfPage\":{\"@id\":\"https:\/\/caba.ro\/evenimente\/#primaryimage\"},\"image\":{\"@id\":\"https:\/\/caba.ro\/evenimente\/#primaryimage\"},\"thumbnailUrl\":\"https:\/\/caba.ro\/wp-content\/uploads\/2025\/11\/28352711_v872batch10-nunny-05a-removebg-preview.png\",\"datePublished\":\"2025-10-16T19:15:01+00:00\",\"dateModified\":\"2026-03-20T16:29:20+00:00\",\"breadcrumb\":{\"@id\":\"https:\/\/caba.ro\/evenimente\/#breadcrumb\"},\"inLanguage\":\"en-US\",\"potentialAction\":[{\"@type\":\"ReadAction\",\"target\":[\"https:\/\/caba.ro\/evenimente\/\"]}]},{\"@type\":\"ImageObject\",\"inLanguage\":\"en-US\",\"@id\":\"https:\/\/caba.ro\/evenimente\/#primaryimage\",\"url\":\"https:\/\/caba.ro\/wp-content\/uploads\/2025\/11\/28352711_v872batch10-nunny-05a-removebg-preview.png\",\"contentUrl\":\"https:\/\/caba.ro\/wp-content\/uploads\/2025\/11\/28352711_v872batch10-nunny-05a-removebg-preview.png\"},{\"@type\":\"BreadcrumbList\",\"@id\":\"https:\/\/caba.ro\/evenimente\/#breadcrumb\",\"itemListElement\":[{\"@type\":\"ListItem\",\"position\":1,\"name\":\"Prima pagin\u0103\",\"item\":\"https:\/\/caba.ro\/\"},{\"@type\":\"ListItem\",\"position\":2,\"name\":\"Evenimente\"}]},{\"@type\":\"WebSite\",\"@id\":\"https:\/\/caba.ro\/#website\",\"url\":\"https:\/\/caba.ro\/\",\"name\":\"Caba Ministry\",\"description\":\"Din dragoste pentru Dumnezeu \u0219i adev\u0103r\",\"publisher\":{\"@id\":\"https:\/\/caba.ro\/#organization\"},\"potentialAction\":[{\"@type\":\"SearchAction\",\"target\":{\"@type\":\"EntryPoint\",\"urlTemplate\":\"https:\/\/caba.ro\/?s={search_term_string}\"},\"query-input\":{\"@type\":\"PropertyValueSpecification\",\"valueRequired\":true,\"valueName\":\"search_term_string\"}}],\"inLanguage\":\"en-US\"},{\"@type\":\"Organization\",\"@id\":\"https:\/\/caba.ro\/#organization\",\"name\":\"Caba Ministry\",\"url\":\"https:\/\/caba.ro\/\",\"logo\":{\"@type\":\"ImageObject\",\"inLanguage\":\"en-US\",\"@id\":\"https:\/\/caba.ro\/#\/schema\/logo\/image\/\",\"url\":\"https:\/\/caba.ro\/wp-content\/uploads\/2025\/11\/caba.ro-logo.png\",\"contentUrl\":\"https:\/\/caba.ro\/wp-content\/uploads\/2025\/11\/caba.ro-logo.png\",\"width\":1024,\"height\":1024,\"caption\":\"Caba Ministry\"},\"image\":{\"@id\":\"https:\/\/caba.ro\/#\/schema\/logo\/image\/\"}}]}<\/script>\n<!-- \/ Yoast SEO plugin. -->","yoast_head_json":{"title":"Evenimente - Caba Ministry","robots":{"index":"index","follow":"follow","max-snippet":"max-snippet:-1","max-image-preview":"max-image-preview:large","max-video-preview":"max-video-preview:-1"},"canonical":"https:\/\/caba.ro\/en\/evenimente\/","og_locale":"en_US","og_type":"article","og_title":"Evenimente - Caba Ministry","og_description":"Evenimente Sus\u021bine lucrarea Po\u021bi contribui la r\u0103sp\u00e2ndirea Cuv\u00e2ntului lui Dumnezeu prin dona\u021bii \u0219i sprijin financiar: Dona\u021bii online cereri de rug\u0103ciune","og_url":"https:\/\/caba.ro\/en\/evenimente\/","og_site_name":"Caba Ministry","article_modified_time":"2026-03-20T16:29:20+00:00","og_image":[{"width":500,"height":500,"url":"https:\/\/caba.ro\/wp-content\/uploads\/2025\/11\/28352711_v872batch10-nunny-05a-removebg-preview.png","type":"image\/png"}],"twitter_card":"summary_large_image","twitter_misc":{"Est. reading time":"1 minute"},"schema":{"@context":"https:\/\/schema.org","@graph":[{"@type":"WebPage","@id":"https:\/\/caba.ro\/evenimente\/","url":"https:\/\/caba.ro\/evenimente\/","name":"Evenimente - Caba Ministry","isPartOf":{"@id":"https:\/\/caba.ro\/#website"},"primaryImageOfPage":{"@id":"https:\/\/caba.ro\/evenimente\/#primaryimage"},"image":{"@id":"https:\/\/caba.ro\/evenimente\/#primaryimage"},"thumbnailUrl":"https:\/\/caba.ro\/wp-content\/uploads\/2025\/11\/28352711_v872batch10-nunny-05a-removebg-preview.png","datePublished":"2025-10-16T19:15:01+00:00","dateModified":"2026-03-20T16:29:20+00:00","breadcrumb":{"@id":"https:\/\/caba.ro\/evenimente\/#breadcrumb"},"inLanguage":"en-US","potentialAction":[{"@type":"ReadAction","target":["https:\/\/caba.ro\/evenimente\/"]}]},{"@type":"ImageObject","inLanguage":"en-US","@id":"https:\/\/caba.ro\/evenimente\/#primaryimage","url":"https:\/\/caba.ro\/wp-content\/uploads\/2025\/11\/28352711_v872batch10-nunny-05a-removebg-preview.png","contentUrl":"https:\/\/caba.ro\/wp-content\/uploads\/2025\/11\/28352711_v872batch10-nunny-05a-removebg-preview.png"},{"@type":"BreadcrumbList","@id":"https:\/\/caba.ro\/evenimente\/#breadcrumb","itemListElement":[{"@type":"ListItem","position":1,"name":"Prima pagin\u0103","item":"https:\/\/caba.ro\/"},{"@type":"ListItem","position":2,"name":"Evenimente"}]},{"@type":"WebSite","@id":"https:\/\/caba.ro\/#website","url":"https:\/\/caba.ro\/","name":"Caba Ministry","description":"For the love of God and truth","publisher":{"@id":"https:\/\/caba.ro\/#organization"},"potentialAction":[{"@type":"SearchAction","target":{"@type":"EntryPoint","urlTemplate":"https:\/\/caba.ro\/?s={search_term_string}"},"query-input":{"@type":"PropertyValueSpecification","valueRequired":true,"valueName":"search_term_string"}}],"inLanguage":"en-US"},{"@type":"Organization","@id":"https:\/\/caba.ro\/#organization","name":"Caba Ministry","url":"https:\/\/caba.ro\/","logo":{"@type":"ImageObject","inLanguage":"en-US","@id":"https:\/\/caba.ro\/#\/schema\/logo\/image\/","url":"https:\/\/caba.ro\/wp-content\/uploads\/2025\/11\/caba.ro-logo.png","contentUrl":"https:\/\/caba.ro\/wp-content\/uploads\/2025\/11\/caba.ro-logo.png","width":1024,"height":1024,"caption":"Caba Ministry"},"image":{"@id":"https:\/\/caba.ro\/#\/schema\/logo\/image\/"}}]}},"_links":{"self":[{"href":"https:\/\/caba.ro\/en\/wp-json\/wp\/v2\/pages\/44","targetHints":{"allow":["GET"]}}],"collection":[{"href":"https:\/\/caba.ro\/en\/wp-json\/wp\/v2\/pages"}],"about":[{"href":"https:\/\/caba.ro\/en\/wp-json\/wp\/v2\/types\/page"}],"author":[{"embeddable":true,"href":"https:\/\/caba.ro\/en\/wp-json\/wp\/v2\/users\/1"}],"replies":[{"embeddable":true,"href":"https:\/\/caba.ro\/en\/wp-json\/wp\/v2\/comments?post=44"}],"version-history":[{"count":29,"href":"https:\/\/caba.ro\/en\/wp-json\/wp\/v2\/pages\/44\/revisions"}],"predecessor-version":[{"id":504,"href":"https:\/\/caba.ro\/en\/wp-json\/wp\/v2\/pages\/44\/revisions\/504"}],"wp:attachment":[{"href":"https:\/\/caba.ro\/en\/wp-json\/wp\/v2\/media?parent=44"}],"curies":[{"name":"wp","href":"https:\/\/api.w.org\/{rel}","templated":true}]}}